{"id":2019,"date":"2023-04-03T22:38:27","date_gmt":"2023-04-03T22:38:27","guid":{"rendered":"https:\/\/www.defnehelva.com\/?page_id=2019"},"modified":"2023-04-05T23:38:49","modified_gmt":"2023-04-05T23:38:49","slug":"urunler","status":"publish","type":"page","link":"http:\/\/www.defnehelva.com\/en\/urunler\/","title":{"rendered":"Products"},"content":{"rendered":"<div id=\"fws_69f5e35f40edb\"  data-column-margin=\"default\" data-midnight=\"dark\"  class=\"wpb_row vc_row-fluid vc_row\"  style=\"padding-top: 0px; padding-bottom: 0px; \"><div class=\"row-bg-wrap\" data-bg-animation=\"none\" data-bg-overlay=\"false\"><div class=\"inner-wrap\"><div class=\"row-bg viewport-desktop\"  style=\"\"><\/div><\/div><\/div><div class=\"row_col_wrap_12 col span_12 dark left\">\n\t<div  class=\"vc_col-sm-12 wpb_column column_container vc_column_container col no-extra-padding inherit_tablet inherit_phone\"  data-padding-pos=\"all\" data-has-bg-color=\"false\" data-bg-color=\"\" data-bg-opacity=\"1\" data-animation=\"\" data-delay=\"0\" >\n\t\t<div class=\"vc_column-inner\" >\n\t\t\t<div class=\"wpb_wrapper\">\n\t\t\t\t\n<div class=\"nectar-animated-title\" data-style=\"color-strip-reveal\" data-color=\"extra-color-2\">\n\t<div class=\"nectar-animated-title-outer\">\n\t\t<div class=\"nectar-animated-title-inner\">\n\t\t\t<div class=\"wrap\"><h3 style=\"color: #ffffff;\">Our Main Products<\/h3><\/div>\n\t\t<\/div>\n\t<\/div>\n<\/div>\n\t\t\t<\/div> \n\t\t<\/div>\n\t<\/div> \n<\/div><\/div>\n\t\t<div id=\"fws_69f5e35f41b86\"  data-column-margin=\"default\" data-midnight=\"dark\"  class=\"wpb_row vc_row-fluid vc_row\"  style=\"padding-top: 0px; padding-bottom: 0px; \"><div class=\"row-bg-wrap\" data-bg-animation=\"none\" data-bg-overlay=\"false\"><div class=\"inner-wrap\"><div class=\"row-bg viewport-desktop using-bg-color\"  style=\"background-color: #ffffff; \"><\/div><\/div><\/div><div class=\"row_col_wrap_12 col span_12 dark left\">\n\t<div  class=\"vc_col-sm-1\/5 wpb_column column_container vc_column_container col no-extra-padding inherit_tablet inherit_phone\"  data-padding-pos=\"all\" data-has-bg-color=\"false\" data-bg-color=\"\" data-bg-opacity=\"1\" data-animation=\"\" data-delay=\"0\" >\n\t\t<div class=\"vc_column-inner\" >\n\t\t\t<div class=\"wpb_wrapper\">\n\t\t\t\t<div class=\"img-with-aniamtion-wrap\" data-max-width=\"100%\" data-max-width-mobile=\"default\" data-shadow=\"none\" data-animation=\"fade-in\" >\n      <div class=\"inner\">\n        <div class=\"hover-wrap\" data-hover-animation=\"zoom\"> \n          <div class=\"hover-wrap-inner\">\n            <a href=\"https:\/\/www.defnehelva.com\/en\/product-category\/helva\/\" target=\"_self\" class=\"\">\n              <img loading=\"lazy\" decoding=\"async\" class=\"img-with-animation skip-lazy\" data-delay=\"0\" height=\"1600\" width=\"1600\" data-animation=\"fade-in\" src=\"https:\/\/www.defnehelva.com\/wp-content\/uploads\/2023\/02\/Defne-Helva-Helva-Antep-Fistikli-750gr-1.png\" alt=\"\" srcset=\"https:\/\/www.defnehelva.com\/wp-content\/uploads\/2023\/02\/Defne-Helva-Helva-Antep-Fistikli-750gr-1.png 1600w, https:\/\/www.defnehelva.com\/wp-content\/uploads\/2023\/02\/Defne-Helva-Helva-Antep-Fistikli-750gr-1-300x300.png 300w, https:\/\/www.defnehelva.com\/wp-content\/uploads\/2023\/02\/Defne-Helva-Helva-Antep-Fistikli-750gr-1-1024x1024.png 1024w, https:\/\/www.defnehelva.com\/wp-content\/uploads\/2023\/02\/Defne-Helva-Helva-Antep-Fistikli-750gr-1-150x150.png 150w, https:\/\/www.defnehelva.com\/wp-content\/uploads\/2023\/02\/Defne-Helva-Helva-Antep-Fistikli-750gr-1-768x768.png 768w, https:\/\/www.defnehelva.com\/wp-content\/uploads\/2023\/02\/Defne-Helva-Helva-Antep-Fistikli-750gr-1-1536x1536.png 1536w, https:\/\/www.defnehelva.com\/wp-content\/uploads\/2023\/02\/Defne-Helva-Helva-Antep-Fistikli-750gr-1-12x12.png 12w, https:\/\/www.defnehelva.com\/wp-content\/uploads\/2023\/02\/Defne-Helva-Helva-Antep-Fistikli-750gr-1-100x100.png 100w, https:\/\/www.defnehelva.com\/wp-content\/uploads\/2023\/02\/Defne-Helva-Helva-Antep-Fistikli-750gr-1-140x140.png 140w, https:\/\/www.defnehelva.com\/wp-content\/uploads\/2023\/02\/Defne-Helva-Helva-Antep-Fistikli-750gr-1-500x500.png 500w, https:\/\/www.defnehelva.com\/wp-content\/uploads\/2023\/02\/Defne-Helva-Helva-Antep-Fistikli-750gr-1-350x350.png 350w, https:\/\/www.defnehelva.com\/wp-content\/uploads\/2023\/02\/Defne-Helva-Helva-Antep-Fistikli-750gr-1-1000x1000.png 1000w, https:\/\/www.defnehelva.com\/wp-content\/uploads\/2023\/02\/Defne-Helva-Helva-Antep-Fistikli-750gr-1-800x800.png 800w, https:\/\/www.defnehelva.com\/wp-content\/uploads\/2023\/02\/Defne-Helva-Helva-Antep-Fistikli-750gr-1-600x600.png 600w\" sizes=\"auto, (max-width: 1600px) 100vw, 1600px\" \/>\n            <\/a>\n          <\/div>\n        <\/div>\n      <\/div>\n      <\/div>\n<div class=\"wpb_text_column wpb_content_element\" >\n\t<div class=\"wpb_wrapper\">\n\t\t<p style=\"text-align: center;\"><strong><a href=\"https:\/\/www.defnehelva.com\/en\/product-category\/helva\/\">Halva<\/a><\/strong><\/p>\n\t<\/div>\n<\/div>\n\n\n\n\n\t\t\t<\/div> \n\t\t<\/div>\n\t<\/div> \n\n\t<div  class=\"vc_col-sm-1\/5 wpb_column column_container vc_column_container col no-extra-padding inherit_tablet inherit_phone\"  data-padding-pos=\"all\" data-has-bg-color=\"false\" data-bg-color=\"\" data-bg-opacity=\"1\" data-animation=\"\" data-delay=\"0\" >\n\t\t<div class=\"vc_column-inner\" >\n\t\t\t<div class=\"wpb_wrapper\">\n\t\t\t\t<div class=\"img-with-aniamtion-wrap\" data-max-width=\"100%\" data-max-width-mobile=\"default\" data-shadow=\"none\" data-animation=\"fade-in\" >\n      <div class=\"inner\">\n        <div class=\"hover-wrap\" data-hover-animation=\"zoom\"> \n          <div class=\"hover-wrap-inner\">\n            <a href=\"https:\/\/www.defnehelva.com\/en\/product-category\/tahin\/\" target=\"_self\" class=\"\">\n              <img loading=\"lazy\" decoding=\"async\" class=\"img-with-animation skip-lazy\" data-delay=\"0\" height=\"1600\" width=\"1600\" data-animation=\"fade-in\" src=\"https:\/\/www.defnehelva.com\/wp-content\/uploads\/2023\/02\/Defne-Helva-Tahin-600gr.png\" alt=\"\" srcset=\"https:\/\/www.defnehelva.com\/wp-content\/uploads\/2023\/02\/Defne-Helva-Tahin-600gr.png 1600w, https:\/\/www.defnehelva.com\/wp-content\/uploads\/2023\/02\/Defne-Helva-Tahin-600gr-300x300.png 300w, https:\/\/www.defnehelva.com\/wp-content\/uploads\/2023\/02\/Defne-Helva-Tahin-600gr-1024x1024.png 1024w, https:\/\/www.defnehelva.com\/wp-content\/uploads\/2023\/02\/Defne-Helva-Tahin-600gr-150x150.png 150w, https:\/\/www.defnehelva.com\/wp-content\/uploads\/2023\/02\/Defne-Helva-Tahin-600gr-768x768.png 768w, https:\/\/www.defnehelva.com\/wp-content\/uploads\/2023\/02\/Defne-Helva-Tahin-600gr-1536x1536.png 1536w, https:\/\/www.defnehelva.com\/wp-content\/uploads\/2023\/02\/Defne-Helva-Tahin-600gr-12x12.png 12w, https:\/\/www.defnehelva.com\/wp-content\/uploads\/2023\/02\/Defne-Helva-Tahin-600gr-100x100.png 100w, https:\/\/www.defnehelva.com\/wp-content\/uploads\/2023\/02\/Defne-Helva-Tahin-600gr-140x140.png 140w, https:\/\/www.defnehelva.com\/wp-content\/uploads\/2023\/02\/Defne-Helva-Tahin-600gr-500x500.png 500w, https:\/\/www.defnehelva.com\/wp-content\/uploads\/2023\/02\/Defne-Helva-Tahin-600gr-350x350.png 350w, https:\/\/www.defnehelva.com\/wp-content\/uploads\/2023\/02\/Defne-Helva-Tahin-600gr-1000x1000.png 1000w, https:\/\/www.defnehelva.com\/wp-content\/uploads\/2023\/02\/Defne-Helva-Tahin-600gr-800x800.png 800w, https:\/\/www.defnehelva.com\/wp-content\/uploads\/2023\/02\/Defne-Helva-Tahin-600gr-600x600.png 600w\" sizes=\"auto, (max-width: 1600px) 100vw, 1600px\" \/>\n            <\/a>\n          <\/div>\n        <\/div>\n      <\/div>\n      <\/div>\n<div class=\"wpb_text_column wpb_content_element\" >\n\t<div class=\"wpb_wrapper\">\n\t\t<p style=\"text-align: center;\"><a href=\"https:\/\/www.defnehelva.com\/en\/product-category\/tahinlerimiz\/\"><b>Tahini<\/b><\/a><\/p>\n\t<\/div>\n<\/div>\n\n\n\n\n\t\t\t<\/div> \n\t\t<\/div>\n\t<\/div> \n\n\t<div  class=\"vc_col-sm-1\/5 wpb_column column_container vc_column_container col no-extra-padding inherit_tablet inherit_phone\"  data-padding-pos=\"all\" data-has-bg-color=\"false\" data-bg-color=\"\" data-bg-opacity=\"1\" data-animation=\"\" data-delay=\"0\" >\n\t\t<div class=\"vc_column-inner\" >\n\t\t\t<div class=\"wpb_wrapper\">\n\t\t\t\t<div class=\"img-with-aniamtion-wrap\" data-max-width=\"100%\" data-max-width-mobile=\"default\" data-shadow=\"none\" data-animation=\"fade-in\" >\n      <div class=\"inner\">\n        <div class=\"hover-wrap\" data-hover-animation=\"zoom\"> \n          <div class=\"hover-wrap-inner\">\n            <a href=\"https:\/\/www.defnehelva.com\/en\/product-category\/pekmez\/\" target=\"_self\" class=\"\">\n              <img loading=\"lazy\" decoding=\"async\" class=\"img-with-animation skip-lazy\" data-delay=\"0\" height=\"1600\" width=\"1600\" data-animation=\"fade-in\" src=\"https:\/\/www.defnehelva.com\/wp-content\/uploads\/2023\/02\/Defne-Helva-Pekmez-800gr.png\" alt=\"\" srcset=\"https:\/\/www.defnehelva.com\/wp-content\/uploads\/2023\/02\/Defne-Helva-Pekmez-800gr.png 1600w, https:\/\/www.defnehelva.com\/wp-content\/uploads\/2023\/02\/Defne-Helva-Pekmez-800gr-300x300.png 300w, https:\/\/www.defnehelva.com\/wp-content\/uploads\/2023\/02\/Defne-Helva-Pekmez-800gr-1024x1024.png 1024w, https:\/\/www.defnehelva.com\/wp-content\/uploads\/2023\/02\/Defne-Helva-Pekmez-800gr-150x150.png 150w, https:\/\/www.defnehelva.com\/wp-content\/uploads\/2023\/02\/Defne-Helva-Pekmez-800gr-768x768.png 768w, https:\/\/www.defnehelva.com\/wp-content\/uploads\/2023\/02\/Defne-Helva-Pekmez-800gr-1536x1536.png 1536w, https:\/\/www.defnehelva.com\/wp-content\/uploads\/2023\/02\/Defne-Helva-Pekmez-800gr-12x12.png 12w, https:\/\/www.defnehelva.com\/wp-content\/uploads\/2023\/02\/Defne-Helva-Pekmez-800gr-100x100.png 100w, https:\/\/www.defnehelva.com\/wp-content\/uploads\/2023\/02\/Defne-Helva-Pekmez-800gr-140x140.png 140w, https:\/\/www.defnehelva.com\/wp-content\/uploads\/2023\/02\/Defne-Helva-Pekmez-800gr-500x500.png 500w, https:\/\/www.defnehelva.com\/wp-content\/uploads\/2023\/02\/Defne-Helva-Pekmez-800gr-350x350.png 350w, https:\/\/www.defnehelva.com\/wp-content\/uploads\/2023\/02\/Defne-Helva-Pekmez-800gr-1000x1000.png 1000w, https:\/\/www.defnehelva.com\/wp-content\/uploads\/2023\/02\/Defne-Helva-Pekmez-800gr-800x800.png 800w, https:\/\/www.defnehelva.com\/wp-content\/uploads\/2023\/02\/Defne-Helva-Pekmez-800gr-600x600.png 600w\" sizes=\"auto, (max-width: 1600px) 100vw, 1600px\" \/>\n            <\/a>\n          <\/div>\n        <\/div>\n      <\/div>\n      <\/div>\n<div class=\"wpb_text_column wpb_content_element\" >\n\t<div class=\"wpb_wrapper\">\n\t\t<p style=\"text-align: center;\"><a href=\"https:\/\/www.defnehelva.com\/en\/product-category\/pekmez\/\"><b>Molasses<\/b><\/a><\/p>\n\t<\/div>\n<\/div>\n\n\n\n\n\t\t\t<\/div> \n\t\t<\/div>\n\t<\/div> \n\n\t<div  class=\"vc_col-sm-1\/5 wpb_column column_container vc_column_container col no-extra-padding inherit_tablet inherit_phone\"  data-padding-pos=\"all\" data-has-bg-color=\"false\" data-bg-color=\"\" data-bg-opacity=\"1\" data-animation=\"\" data-delay=\"0\" >\n\t\t<div class=\"vc_column-inner\" >\n\t\t\t<div class=\"wpb_wrapper\">\n\t\t\t\t<div class=\"img-with-aniamtion-wrap\" data-max-width=\"100%\" data-max-width-mobile=\"default\" data-shadow=\"none\" data-animation=\"fade-in\" >\n      <div class=\"inner\">\n        <div class=\"hover-wrap\" data-hover-animation=\"zoom\"> \n          <div class=\"hover-wrap-inner\">\n            <a href=\"https:\/\/www.defnehelva.com\/en\/product-category\/fistik-ezmesi\/\" target=\"_self\" class=\"\">\n              <img loading=\"lazy\" decoding=\"async\" class=\"img-with-animation skip-lazy\" data-delay=\"0\" height=\"1600\" width=\"1600\" data-animation=\"fade-in\" src=\"https:\/\/www.defnehelva.com\/wp-content\/uploads\/2023\/04\/Defne-Helva-Fistik-Ezmesi-600gr-Smooth.png\" alt=\"\" srcset=\"https:\/\/www.defnehelva.com\/wp-content\/uploads\/2023\/04\/Defne-Helva-Fistik-Ezmesi-600gr-Smooth.png 1600w, https:\/\/www.defnehelva.com\/wp-content\/uploads\/2023\/04\/Defne-Helva-Fistik-Ezmesi-600gr-Smooth-300x300.png 300w, https:\/\/www.defnehelva.com\/wp-content\/uploads\/2023\/04\/Defne-Helva-Fistik-Ezmesi-600gr-Smooth-1024x1024.png 1024w, https:\/\/www.defnehelva.com\/wp-content\/uploads\/2023\/04\/Defne-Helva-Fistik-Ezmesi-600gr-Smooth-150x150.png 150w, https:\/\/www.defnehelva.com\/wp-content\/uploads\/2023\/04\/Defne-Helva-Fistik-Ezmesi-600gr-Smooth-768x768.png 768w, https:\/\/www.defnehelva.com\/wp-content\/uploads\/2023\/04\/Defne-Helva-Fistik-Ezmesi-600gr-Smooth-1536x1536.png 1536w, https:\/\/www.defnehelva.com\/wp-content\/uploads\/2023\/04\/Defne-Helva-Fistik-Ezmesi-600gr-Smooth-12x12.png 12w, https:\/\/www.defnehelva.com\/wp-content\/uploads\/2023\/04\/Defne-Helva-Fistik-Ezmesi-600gr-Smooth-100x100.png 100w, https:\/\/www.defnehelva.com\/wp-content\/uploads\/2023\/04\/Defne-Helva-Fistik-Ezmesi-600gr-Smooth-140x140.png 140w, https:\/\/www.defnehelva.com\/wp-content\/uploads\/2023\/04\/Defne-Helva-Fistik-Ezmesi-600gr-Smooth-500x500.png 500w, https:\/\/www.defnehelva.com\/wp-content\/uploads\/2023\/04\/Defne-Helva-Fistik-Ezmesi-600gr-Smooth-350x350.png 350w, https:\/\/www.defnehelva.com\/wp-content\/uploads\/2023\/04\/Defne-Helva-Fistik-Ezmesi-600gr-Smooth-1000x1000.png 1000w, https:\/\/www.defnehelva.com\/wp-content\/uploads\/2023\/04\/Defne-Helva-Fistik-Ezmesi-600gr-Smooth-800x800.png 800w, https:\/\/www.defnehelva.com\/wp-content\/uploads\/2023\/04\/Defne-Helva-Fistik-Ezmesi-600gr-Smooth-600x600.png 600w\" sizes=\"auto, (max-width: 1600px) 100vw, 1600px\" \/>\n            <\/a>\n          <\/div>\n        <\/div>\n      <\/div>\n      <\/div>\n<div class=\"wpb_text_column wpb_content_element\" >\n\t<div class=\"wpb_wrapper\">\n\t\t<p style=\"text-align: center;\"><a href=\"https:\/\/www.defnehelva.com\/en\/product-category\/fistik-ezmesi\/\"><b>Peanut Butter<\/b><\/a><\/p>\n\t<\/div>\n<\/div>\n\n\n\n\n\t\t\t<\/div> \n\t\t<\/div>\n\t<\/div> \n\n\t<div  class=\"vc_col-sm-1\/5 wpb_column column_container vc_column_container col no-extra-padding inherit_tablet inherit_phone\"  data-padding-pos=\"all\" data-has-bg-color=\"false\" data-bg-color=\"\" data-bg-opacity=\"1\" data-animation=\"\" data-delay=\"0\" >\n\t\t<div class=\"vc_column-inner\" >\n\t\t\t<div class=\"wpb_wrapper\">\n\t\t\t\t<div class=\"img-with-aniamtion-wrap\" data-max-width=\"100%\" data-max-width-mobile=\"default\" data-shadow=\"none\" data-animation=\"fade-in\" >\n      <div class=\"inner\">\n        <div class=\"hover-wrap\" data-hover-animation=\"zoom\"> \n          <div class=\"hover-wrap-inner\">\n            <a href=\"https:\/\/www.defnehelva.com\/en\/product-category\/yag\/\" target=\"_self\" class=\"\">\n              <img loading=\"lazy\" decoding=\"async\" class=\"img-with-animation skip-lazy\" data-delay=\"0\" height=\"1600\" width=\"1600\" data-animation=\"fade-in\" src=\"https:\/\/www.defnehelva.com\/wp-content\/uploads\/2023\/02\/Defne-Helva-Raw-Oil-Keten-Yagi-250ml.png\" alt=\"\" srcset=\"https:\/\/www.defnehelva.com\/wp-content\/uploads\/2023\/02\/Defne-Helva-Raw-Oil-Keten-Yagi-250ml.png 1600w, https:\/\/www.defnehelva.com\/wp-content\/uploads\/2023\/02\/Defne-Helva-Raw-Oil-Keten-Yagi-250ml-300x300.png 300w, https:\/\/www.defnehelva.com\/wp-content\/uploads\/2023\/02\/Defne-Helva-Raw-Oil-Keten-Yagi-250ml-1024x1024.png 1024w, https:\/\/www.defnehelva.com\/wp-content\/uploads\/2023\/02\/Defne-Helva-Raw-Oil-Keten-Yagi-250ml-150x150.png 150w, https:\/\/www.defnehelva.com\/wp-content\/uploads\/2023\/02\/Defne-Helva-Raw-Oil-Keten-Yagi-250ml-768x768.png 768w, https:\/\/www.defnehelva.com\/wp-content\/uploads\/2023\/02\/Defne-Helva-Raw-Oil-Keten-Yagi-250ml-1536x1536.png 1536w, https:\/\/www.defnehelva.com\/wp-content\/uploads\/2023\/02\/Defne-Helva-Raw-Oil-Keten-Yagi-250ml-12x12.png 12w, https:\/\/www.defnehelva.com\/wp-content\/uploads\/2023\/02\/Defne-Helva-Raw-Oil-Keten-Yagi-250ml-100x100.png 100w, https:\/\/www.defnehelva.com\/wp-content\/uploads\/2023\/02\/Defne-Helva-Raw-Oil-Keten-Yagi-250ml-140x140.png 140w, https:\/\/www.defnehelva.com\/wp-content\/uploads\/2023\/02\/Defne-Helva-Raw-Oil-Keten-Yagi-250ml-500x500.png 500w, https:\/\/www.defnehelva.com\/wp-content\/uploads\/2023\/02\/Defne-Helva-Raw-Oil-Keten-Yagi-250ml-350x350.png 350w, https:\/\/www.defnehelva.com\/wp-content\/uploads\/2023\/02\/Defne-Helva-Raw-Oil-Keten-Yagi-250ml-1000x1000.png 1000w, https:\/\/www.defnehelva.com\/wp-content\/uploads\/2023\/02\/Defne-Helva-Raw-Oil-Keten-Yagi-250ml-800x800.png 800w, https:\/\/www.defnehelva.com\/wp-content\/uploads\/2023\/02\/Defne-Helva-Raw-Oil-Keten-Yagi-250ml-600x600.png 600w\" sizes=\"auto, (max-width: 1600px) 100vw, 1600px\" \/>\n            <\/a>\n          <\/div>\n        <\/div>\n      <\/div>\n      <\/div>\n<div class=\"wpb_text_column wpb_content_element\" >\n\t<div class=\"wpb_wrapper\">\n\t\t<p style=\"text-align: center;\"><a href=\"https:\/\/www.defnehelva.com\/en\/product-category\/yag\/\"><b>Oil<\/b><\/a><\/p>\n\t<\/div>\n<\/div>\n\n\n\n\n\t\t\t<\/div> \n\t\t<\/div>\n\t<\/div> \n<\/div><\/div>","protected":false},"excerpt":{"rendered":"\u00dcr\u00fcnlerimiz Helva Tahin Pekmez F\u0131st\u0131k Ezmesi Ya\u011f","protected":false},"author":1,"featured_media":0,"parent":0,"menu_order":0,"comment_status":"closed","ping_status":"closed","template":"","meta":{"_joinchat":[],"footnotes":""},"class_list":["post-2019","page","type-page","status-publish"],"_links":{"self":[{"href":"http:\/\/www.defnehelva.com\/en\/wp-json\/wp\/v2\/pages\/2019","targetHints":{"allow":["GET"]}}],"collection":[{"href":"http:\/\/www.defnehelva.com\/en\/wp-json\/wp\/v2\/pages"}],"about":[{"href":"http:\/\/www.defnehelva.com\/en\/wp-json\/wp\/v2\/types\/page"}],"author":[{"embeddable":true,"href":"http:\/\/www.defnehelva.com\/en\/wp-json\/wp\/v2\/users\/1"}],"replies":[{"embeddable":true,"href":"http:\/\/www.defnehelva.com\/en\/wp-json\/wp\/v2\/comments?post=2019"}],"version-history":[{"count":18,"href":"http:\/\/www.defnehelva.com\/en\/wp-json\/wp\/v2\/pages\/2019\/revisions"}],"predecessor-version":[{"id":2080,"href":"http:\/\/www.defnehelva.com\/en\/wp-json\/wp\/v2\/pages\/2019\/revisions\/2080"}],"wp:attachment":[{"href":"http:\/\/www.defnehelva.com\/en\/wp-json\/wp\/v2\/media?parent=2019"}],"curies":[{"name":"wp","href":"https:\/\/api.w.org\/{rel}","templated":true}]}}