{"id":1702,"date":"2023-02-09T13:11:21","date_gmt":"2023-02-09T13:11:21","guid":{"rendered":"https:\/\/www.defnehelva.com\/?page_id=1702"},"modified":"2023-02-19T22:43:57","modified_gmt":"2023-02-19T22:43:57","slug":"uretim","status":"publish","type":"page","link":"https:\/\/www.defnehelva.com\/en\/uretim\/","title":{"rendered":"Production"},"content":{"rendered":"<div id=\"fws_69fdddb7c839c\"  data-column-margin=\"default\" data-midnight=\"dark\"  class=\"wpb_row vc_row-fluid vc_row full-width-section\"  style=\"padding-top: 20px; padding-bottom: 20px; \"><div class=\"row-bg-wrap\" data-bg-animation=\"none\" data-bg-overlay=\"false\"><div class=\"inner-wrap\"><div class=\"row-bg viewport-desktop using-bg-color\"  style=\"background-color: #f7f7f7; \"><\/div><\/div><\/div><div class=\"row_col_wrap_12 col span_12 dark left\">\n\t<div  class=\"vc_col-sm-12 wpb_column column_container vc_column_container col no-extra-padding inherit_tablet inherit_phone\"  data-padding-pos=\"all\" data-has-bg-color=\"false\" data-bg-color=\"\" data-bg-opacity=\"1\" data-animation=\"\" data-delay=\"0\" >\n\t\t<div class=\"vc_column-inner\" >\n\t\t\t<div class=\"wpb_wrapper\">\n\t\t\t\t\n<div class=\"wpb_text_column wpb_content_element\" >\n\t<div class=\"wpb_wrapper\">\n\t\t<h2>Food Safety<\/h2>\n\t<\/div>\n<\/div>\n\n\n\n\n\t\t\t<\/div> \n\t\t<\/div>\n\t<\/div> \n<\/div><\/div>\n\t\t<div id=\"fws_69fdddb7c8f0c\"  data-column-margin=\"20px\" data-midnight=\"dark\"  class=\"wpb_row vc_row-fluid vc_row full-width-section vc_row-o-equal-height vc_row-flex vc_row-o-content-top\"  style=\"padding-top: 0px; padding-bottom: 80px; \"><div class=\"row-bg-wrap\" data-bg-animation=\"none\" data-bg-overlay=\"false\"><div class=\"inner-wrap\"><div class=\"row-bg viewport-desktop\"  style=\"\"><\/div><\/div><\/div><div class=\"row_col_wrap_12 col span_12 dark left\">\n\t<div  class=\"vc_col-sm-4 vc_col-md-offset-0 vc_col-sm-offset-2 vc_col-xs-offset-2 vc_col-xs-8 wpb_column column_container vc_column_container col padding-5-percent inherit_tablet inherit_phone\"  data-padding-pos=\"top-bottom\" data-has-bg-color=\"false\" data-bg-color=\"\" data-bg-opacity=\"1\" data-animation=\"\" data-delay=\"0\" >\n\t\t<div class=\"vc_column-inner\" >\n\t\t\t<div class=\"wpb_wrapper\">\n\t\t\t\t<div class=\"nectar_cascading_images\" data-border-radius=\"5px\" data-parallax=\"yes\" data-parallax-intensity=\"subtle\" data-layer-1-parallax=\"no\" data-animation-timing=\"175\"><div class=\"cascading-image\" data-has-img=\"true\" style=\" padding:0%;\" data-max-width=\"100%\" data-max-width-mobile=\"100%\" data-animation=\"none\" data-shadow=\"none\"><div class=\"inner-wrap\"><div class=\"bg-layer\" data-scale=\"1\" style=\"transform: scale(1)\"><div style=\" -webkit-transform:translateX(0%) translateY(0%) ; transform:translateX(0%) translateY(0%) ;\" class=\"img-wrap lazy-enabled\"> <img loading=\"lazy\" decoding=\"async\" src=\"data:image\/svg+xml;charset=utf-8,%3Csvg%20xmlns%3D'http%3A%2F%2Fwww.w3.org%2F2000%2Fsvg'%20viewBox%3D'0%200%20800%20800'%2F%3E\" data-nectar-img-src=\"https:\/\/www.defnehelva.com\/wp-content\/uploads\/2023\/02\/898.jpg\" data-nectar-img-srcset=\"https:\/\/www.defnehelva.com\/wp-content\/uploads\/2023\/02\/898.jpg 800w, https:\/\/www.defnehelva.com\/wp-content\/uploads\/2023\/02\/898-300x300.jpg 300w, https:\/\/www.defnehelva.com\/wp-content\/uploads\/2023\/02\/898-150x150.jpg 150w, https:\/\/www.defnehelva.com\/wp-content\/uploads\/2023\/02\/898-768x768.jpg 768w, https:\/\/www.defnehelva.com\/wp-content\/uploads\/2023\/02\/898-12x12.jpg 12w, https:\/\/www.defnehelva.com\/wp-content\/uploads\/2023\/02\/898-100x100.jpg 100w, https:\/\/www.defnehelva.com\/wp-content\/uploads\/2023\/02\/898-140x140.jpg 140w, https:\/\/www.defnehelva.com\/wp-content\/uploads\/2023\/02\/898-500x500.jpg 500w, https:\/\/www.defnehelva.com\/wp-content\/uploads\/2023\/02\/898-350x350.jpg 350w, https:\/\/www.defnehelva.com\/wp-content\/uploads\/2023\/02\/898-600x600.jpg 600w\" sizes=\"auto, (min-width: 1000px) 55vw, 100vw\" height=\"800\" width=\"800\" class=\"skip-lazy nectar-lazy\" alt=\"\" \/> <\/div><\/div><\/div><\/div><div class=\"cascading-image\" data-has-img=\"true\" style=\" padding:0%;\" data-max-width=\"100%\" data-max-width-mobile=\"100%\" data-animation=\"none\" data-shadow=\"x_large_depth\"><div class=\"inner-wrap\"><div class=\"bg-layer\" data-scale=\"1\" style=\"transform: scale(1)\"><div style=\" -webkit-transform:translateX(20%) translateY(25%) ; transform:translateX(20%) translateY(25%) ;\" class=\"img-wrap lazy-enabled\"> <img loading=\"lazy\" decoding=\"async\" src=\"data:image\/svg+xml;charset=utf-8,%3Csvg%20xmlns%3D'http%3A%2F%2Fwww.w3.org%2F2000%2Fsvg'%20viewBox%3D'0%200%20800%20800'%2F%3E\" data-nectar-img-src=\"https:\/\/www.defnehelva.com\/wp-content\/uploads\/2023\/02\/555.jpg\" data-nectar-img-srcset=\"https:\/\/www.defnehelva.com\/wp-content\/uploads\/2023\/02\/555.jpg 800w, https:\/\/www.defnehelva.com\/wp-content\/uploads\/2023\/02\/555-300x300.jpg 300w, https:\/\/www.defnehelva.com\/wp-content\/uploads\/2023\/02\/555-150x150.jpg 150w, https:\/\/www.defnehelva.com\/wp-content\/uploads\/2023\/02\/555-768x768.jpg 768w, https:\/\/www.defnehelva.com\/wp-content\/uploads\/2023\/02\/555-12x12.jpg 12w, https:\/\/www.defnehelva.com\/wp-content\/uploads\/2023\/02\/555-100x100.jpg 100w, https:\/\/www.defnehelva.com\/wp-content\/uploads\/2023\/02\/555-140x140.jpg 140w, https:\/\/www.defnehelva.com\/wp-content\/uploads\/2023\/02\/555-500x500.jpg 500w, https:\/\/www.defnehelva.com\/wp-content\/uploads\/2023\/02\/555-350x350.jpg 350w, https:\/\/www.defnehelva.com\/wp-content\/uploads\/2023\/02\/555-600x600.jpg 600w\" sizes=\"auto, (min-width: 1000px) 55vw, 100vw\" height=\"800\" width=\"800\" class=\"skip-lazy nectar-lazy\" alt=\"\" \/> <\/div><\/div><\/div><\/div><\/div>\n\t\t\t<\/div> \n\t\t<\/div>\n\t<\/div> \n\n\t<div  class=\"vc_col-sm-2 wpb_column column_container vc_column_container col no-extra-padding inherit_tablet inherit_phone\"  data-padding-pos=\"all\" data-has-bg-color=\"false\" data-bg-color=\"\" data-bg-opacity=\"1\" data-animation=\"\" data-delay=\"0\" >\n\t\t<div class=\"vc_column-inner\" >\n\t\t\t<div class=\"wpb_wrapper\">\n\t\t\t\t\n\t\t\t<\/div> \n\t\t<\/div>\n\t<\/div> \n\n\t<div  class=\"vc_col-sm-6 wpb_column column_container vc_column_container col padding-2-percent inherit_tablet inherit_phone\"  data-padding-pos=\"top\" data-has-bg-color=\"false\" data-bg-color=\"\" data-bg-opacity=\"1\" data-animation=\"\" data-delay=\"0\" >\n\t\t<div class=\"vc_column-inner\" >\n\t\t\t<div class=\"wpb_wrapper\">\n\t\t\t\t<div id=\"fws_69fdddb7cab02\" data-midnight=\"\" data-column-margin=\"default\" class=\"wpb_row vc_row-fluid vc_row inner_row vc_row-o-content-middle\"  style=\"\"><div class=\"row-bg-wrap\"> <div class=\"row-bg\" ><\/div> <\/div><div class=\"row_col_wrap_12_inner col span_12  left\">\n\t<div  class=\"vc_col-sm-12 wpb_column column_container vc_column_container col child_column has-animation no-extra-padding inherit_tablet inherit_phone\"   data-padding-pos=\"all\" data-has-bg-color=\"false\" data-bg-color=\"\" data-bg-opacity=\"1\" data-animation=\"fade-in-from-bottom\" data-delay=\"100\" >\n\t\t<div class=\"vc_column-inner\" >\n\t\t<div class=\"wpb_wrapper\">\n\t\t\t\n<div class=\"wpb_text_column wpb_content_element  vc_custom_1676843899432\" style=\" max-width: 550px; display: inline-block;\">\n\t<div class=\"wpb_wrapper\">\n\t\t<h4>Some tahini halvah is harder, why?<\/h4>\n<p>During the production of tahini halva, if the sesame oil added is reduced, the halva becomes hard.<\/p>\n\t<\/div>\n<\/div>\n\n\n\n\n<div class=\"wpb_text_column wpb_content_element  vc_custom_1676843961759\" style=\" max-width: 550px; display: inline-block;\">\n\t<div class=\"wpb_wrapper\">\n\t\t<h4>How should halva be stored at home?<\/h4>\n<p>Branded and packaged halva manufacturers do not recommend keeping the halva in the refrigerator. Halva should be stored in a cool, dry place away from direct sunlight. It should be consumed within a week of opening the package or box of halva. It can stay intact for months if it is stored unopened in the refrigerator. Halva is not an easily perishable food item.<\/p>\n\t<\/div>\n<\/div>\n\n\n\n\n<div class=\"wpb_text_column wpb_content_element  vc_custom_1676843999040\" style=\" max-width: 550px; display: inline-block;\">\n\t<div class=\"wpb_wrapper\">\n\t\t<h4>Is the softening of the upper layer of the halva harmful?<\/h4>\n<p>The softening of the top layer of halva may occur as a result of the formation of steam or the waxing of the sugar due to temperature changes. If exposed to high heat during storage it may be chewy. There is no harm in terms of health, it only leads to flavour and taste differentiation. It affects the flavour of the quality.<\/p>\n\t<\/div>\n<\/div>\n\n\n\n\n\t\t<\/div> \n\t<\/div>\n\t<\/div> \n<\/div><\/div>\n\t\t\t<\/div> \n\t\t<\/div>\n\t<\/div> \n<\/div><\/div>\n\t\t<div id=\"fws_69fdddb7cb6fe\"  data-column-margin=\"20px\" data-midnight=\"dark\"  class=\"wpb_row vc_row-fluid vc_row full-width-section vc_row-o-equal-height vc_row-flex vc_row-o-content-top\"  style=\"padding-top: 0px; padding-bottom: 80px; \"><div class=\"row-bg-wrap\" data-bg-animation=\"none\" data-bg-overlay=\"false\"><div class=\"inner-wrap\"><div class=\"row-bg viewport-desktop\"  style=\"\"><\/div><\/div><\/div><div class=\"row_col_wrap_12 col span_12 dark left\">\n\t<div  class=\"vc_col-sm-6 wpb_column column_container vc_column_container col padding-2-percent inherit_tablet inherit_phone\"  data-padding-pos=\"top\" data-has-bg-color=\"false\" data-bg-color=\"\" data-bg-opacity=\"1\" data-animation=\"\" data-delay=\"0\" >\n\t\t<div class=\"vc_column-inner\" >\n\t\t\t<div class=\"wpb_wrapper\">\n\t\t\t\t<div id=\"fws_69fdddb7cbc72\" data-midnight=\"\" data-column-margin=\"default\" class=\"wpb_row vc_row-fluid vc_row inner_row vc_row-o-content-middle\"  style=\"\"><div class=\"row-bg-wrap\"> <div class=\"row-bg\" ><\/div> <\/div><div class=\"row_col_wrap_12_inner col span_12  left\">\n\t<div  class=\"vc_col-sm-12 wpb_column column_container vc_column_container col child_column has-animation no-extra-padding inherit_tablet inherit_phone\"   data-padding-pos=\"all\" data-has-bg-color=\"false\" data-bg-color=\"\" data-bg-opacity=\"1\" data-animation=\"fade-in-from-bottom\" data-delay=\"100\" >\n\t\t<div class=\"vc_column-inner\" >\n\t\t<div class=\"wpb_wrapper\">\n\t\t\t\n<div class=\"wpb_text_column wpb_content_element  vc_custom_1676844151138\" style=\" max-width: 550px; display: inline-block;\">\n\t<div class=\"wpb_wrapper\">\n\t\t<h4>Does sedimentation in molasses mean spoilage?<\/h4>\n<p>Molasses contains tartaric acid. These acids precipitate over time. People think that these sedimentations are spoilage. Tartaric acid is a natural substance beneficial to human health. When all the acid is removed, the property of molasses disappears. During the process, some tartarine is precipitated and separated.<\/p>\n\t<\/div>\n<\/div>\n\n\n\n\n<div class=\"wpb_text_column wpb_content_element  vc_custom_1676844178592\" style=\" max-width: 550px; display: inline-block;\">\n\t<div class=\"wpb_wrapper\">\n\t\t<h4>Does it mean it is spoiled if the molasses is crystallised?<\/h4>\n<p>No, molasses is a natural food ingredient, it can be sugared. It has no harmful effects, it can be consumed as it is.<\/p>\n\t<\/div>\n<\/div>\n\n\n\n\n<div class=\"wpb_text_column wpb_content_element  vc_custom_1676844211821\" style=\" max-width: 550px; display: inline-block;\">\n\t<div class=\"wpb_wrapper\">\n\t\t<h4>Is tahini halva prepared by untouched human hands?<\/h4>\n<p>No, tahini halva is a traditional food item and it is prepared by kneading using hands by masters who have been doing this job for years. The legislator passed a lawfor the production of halva, the traditional product, of kneading by hand. It is a job that requires skill.<\/p>\n<p>After passing through the stages of apprenticeship and journeyman, the personnel become a master and then a foreman.<\/p>\n<p>Product quality standards are ensured by using the same quality raw materials in accordance with standard recipes. A machine is not used during kneading.<\/p>\n\t<\/div>\n<\/div>\n\n\n\n\n\t\t<\/div> \n\t<\/div>\n\t<\/div> \n<\/div><\/div>\n\t\t\t<\/div> \n\t\t<\/div>\n\t<\/div> \n\n\t<div  class=\"vc_col-sm-2 wpb_column column_container vc_column_container col no-extra-padding inherit_tablet inherit_phone\"  data-padding-pos=\"all\" data-has-bg-color=\"false\" data-bg-color=\"\" data-bg-opacity=\"1\" data-animation=\"\" data-delay=\"0\" >\n\t\t<div class=\"vc_column-inner\" >\n\t\t\t<div class=\"wpb_wrapper\">\n\t\t\t\t\n\t\t\t<\/div> \n\t\t<\/div>\n\t<\/div> \n\n\t<div  class=\"vc_col-sm-4 vc_col-md-offset-0 vc_col-sm-offset-2 vc_col-xs-offset-2 vc_col-xs-8 wpb_column column_container vc_column_container col no-extra-padding inherit_tablet inherit_phone\"  data-padding-pos=\"all\" data-has-bg-color=\"false\" data-bg-color=\"\" data-bg-opacity=\"1\" data-animation=\"\" data-delay=\"0\" >\n\t\t<div class=\"vc_column-inner\" >\n\t\t\t<div class=\"wpb_wrapper\">\n\t\t\t\t<div class=\"nectar_cascading_images\" data-border-radius=\"5px\" data-parallax=\"yes\" data-parallax-intensity=\"subtle\" data-layer-1-parallax=\"no\" data-animation-timing=\"175\"><div class=\"cascading-image\" data-has-img=\"true\" style=\" padding:0%;\" data-max-width=\"100%\" data-max-width-mobile=\"100%\" data-animation=\"none\" data-shadow=\"none\"><div class=\"inner-wrap\"><div class=\"bg-layer\" data-scale=\"1\" style=\"transform: scale(1)\"><div class=\"bg-color\" style=\" -webkit-transform:translateX(0%) translateY(0%) ; -ms-transform:translateX(0%) translateY(0%) ; transform: translateX(0%) translateY(0%) ; background-color: #1e73be;\" data-has-bg-color=\"true\"><\/div><div style=\" -webkit-transform:translateX(0%) translateY(0%) ; transform:translateX(0%) translateY(0%) ;\" class=\"img-wrap lazy-enabled\"> <img loading=\"lazy\" decoding=\"async\" src=\"data:image\/svg+xml;charset=utf-8,%3Csvg%20xmlns%3D'http%3A%2F%2Fwww.w3.org%2F2000%2Fsvg'%20viewBox%3D'0%200%20800%20800'%2F%3E\" data-nectar-img-src=\"https:\/\/www.defnehelva.com\/wp-content\/uploads\/2023\/02\/898.jpg\" data-nectar-img-srcset=\"https:\/\/www.defnehelva.com\/wp-content\/uploads\/2023\/02\/898.jpg 800w, https:\/\/www.defnehelva.com\/wp-content\/uploads\/2023\/02\/898-300x300.jpg 300w, https:\/\/www.defnehelva.com\/wp-content\/uploads\/2023\/02\/898-150x150.jpg 150w, https:\/\/www.defnehelva.com\/wp-content\/uploads\/2023\/02\/898-768x768.jpg 768w, https:\/\/www.defnehelva.com\/wp-content\/uploads\/2023\/02\/898-12x12.jpg 12w, https:\/\/www.defnehelva.com\/wp-content\/uploads\/2023\/02\/898-100x100.jpg 100w, https:\/\/www.defnehelva.com\/wp-content\/uploads\/2023\/02\/898-140x140.jpg 140w, https:\/\/www.defnehelva.com\/wp-content\/uploads\/2023\/02\/898-500x500.jpg 500w, https:\/\/www.defnehelva.com\/wp-content\/uploads\/2023\/02\/898-350x350.jpg 350w, https:\/\/www.defnehelva.com\/wp-content\/uploads\/2023\/02\/898-600x600.jpg 600w\" sizes=\"auto, (min-width: 1000px) 55vw, 100vw\" height=\"800\" width=\"800\" class=\"skip-lazy nectar-lazy\" alt=\"\" \/> <\/div><\/div><\/div><\/div><div class=\"cascading-image\" data-has-img=\"true\" style=\" padding:0%;\" data-max-width=\"100%\" data-max-width-mobile=\"100%\" data-animation=\"none\" data-shadow=\"x_large_depth\"><div class=\"inner-wrap\"><div class=\"bg-layer\" data-scale=\"1\" style=\"transform: scale(1)\"><div style=\" -webkit-transform:translateX(-20%) translateY(20%) ; transform:translateX(-20%) translateY(20%) ;\" class=\"img-wrap lazy-enabled\"> <img loading=\"lazy\" decoding=\"async\" src=\"data:image\/svg+xml;charset=utf-8,%3Csvg%20xmlns%3D'http%3A%2F%2Fwww.w3.org%2F2000%2Fsvg'%20viewBox%3D'0%200%20800%20800'%2F%3E\" data-nectar-img-src=\"https:\/\/www.defnehelva.com\/wp-content\/uploads\/2023\/02\/554.jpg\" data-nectar-img-srcset=\"https:\/\/www.defnehelva.com\/wp-content\/uploads\/2023\/02\/554.jpg 800w, https:\/\/www.defnehelva.com\/wp-content\/uploads\/2023\/02\/554-300x300.jpg 300w, https:\/\/www.defnehelva.com\/wp-content\/uploads\/2023\/02\/554-150x150.jpg 150w, https:\/\/www.defnehelva.com\/wp-content\/uploads\/2023\/02\/554-768x768.jpg 768w, https:\/\/www.defnehelva.com\/wp-content\/uploads\/2023\/02\/554-12x12.jpg 12w, https:\/\/www.defnehelva.com\/wp-content\/uploads\/2023\/02\/554-100x100.jpg 100w, https:\/\/www.defnehelva.com\/wp-content\/uploads\/2023\/02\/554-140x140.jpg 140w, https:\/\/www.defnehelva.com\/wp-content\/uploads\/2023\/02\/554-500x500.jpg 500w, https:\/\/www.defnehelva.com\/wp-content\/uploads\/2023\/02\/554-350x350.jpg 350w, https:\/\/www.defnehelva.com\/wp-content\/uploads\/2023\/02\/554-600x600.jpg 600w\" sizes=\"auto, (min-width: 1000px) 55vw, 100vw\" height=\"800\" width=\"800\" class=\"skip-lazy nectar-lazy\" alt=\"\" \/> <\/div><\/div><\/div><\/div><\/div>\n\t\t\t<\/div> \n\t\t<\/div>\n\t<\/div> \n<\/div><\/div>\n\t\t<div id=\"fws_69fdddb7cd540\"  data-column-margin=\"20px\" data-midnight=\"dark\"  class=\"wpb_row vc_row-fluid vc_row full-width-section vc_row-o-equal-height vc_row-flex vc_row-o-content-top\"  style=\"padding-top: 0px; padding-bottom: 50px; \"><div class=\"row-bg-wrap\" data-bg-animation=\"none\" data-bg-overlay=\"false\"><div class=\"inner-wrap\"><div class=\"row-bg viewport-desktop\"  style=\"\"><\/div><\/div><\/div><div class=\"row_col_wrap_12 col span_12 dark left\">\n\t<div  class=\"vc_col-sm-4 vc_col-md-offset-0 vc_col-sm-offset-2 vc_col-xs-offset-2 vc_col-xs-8 wpb_column column_container vc_column_container col padding-5-percent inherit_tablet inherit_phone\"  data-padding-pos=\"top-bottom\" data-has-bg-color=\"false\" data-bg-color=\"\" data-bg-opacity=\"1\" data-animation=\"\" data-delay=\"0\" >\n\t\t<div class=\"vc_column-inner\" >\n\t\t\t<div class=\"wpb_wrapper\">\n\t\t\t\t<div class=\"nectar_cascading_images\" data-border-radius=\"5px\" data-parallax=\"yes\" data-parallax-intensity=\"subtle\" data-layer-1-parallax=\"no\" data-animation-timing=\"175\"><div class=\"cascading-image\" data-has-img=\"true\" style=\" padding:0%;\" data-max-width=\"100%\" data-max-width-mobile=\"100%\" data-animation=\"none\" data-shadow=\"none\"><div class=\"inner-wrap\"><div class=\"bg-layer\" data-scale=\"1\" style=\"transform: scale(1)\"><div class=\"bg-color\" style=\" -webkit-transform:translateX(0%) translateY(0%) ; -ms-transform:translateX(0%) translateY(0%) ; transform: translateX(0%) translateY(0%) ; background-color: #b51a20;\" data-has-bg-color=\"true\"><\/div><div style=\" -webkit-transform:translateX(0%) translateY(0%) ; transform:translateX(0%) translateY(0%) ;\" class=\"img-wrap lazy-enabled\"> <img loading=\"lazy\" decoding=\"async\" src=\"data:image\/svg+xml;charset=utf-8,%3Csvg%20xmlns%3D'http%3A%2F%2Fwww.w3.org%2F2000%2Fsvg'%20viewBox%3D'0%200%20800%20800'%2F%3E\" data-nectar-img-src=\"https:\/\/www.defnehelva.com\/wp-content\/uploads\/2023\/02\/898.jpg\" data-nectar-img-srcset=\"https:\/\/www.defnehelva.com\/wp-content\/uploads\/2023\/02\/898.jpg 800w, https:\/\/www.defnehelva.com\/wp-content\/uploads\/2023\/02\/898-300x300.jpg 300w, https:\/\/www.defnehelva.com\/wp-content\/uploads\/2023\/02\/898-150x150.jpg 150w, https:\/\/www.defnehelva.com\/wp-content\/uploads\/2023\/02\/898-768x768.jpg 768w, https:\/\/www.defnehelva.com\/wp-content\/uploads\/2023\/02\/898-12x12.jpg 12w, https:\/\/www.defnehelva.com\/wp-content\/uploads\/2023\/02\/898-100x100.jpg 100w, https:\/\/www.defnehelva.com\/wp-content\/uploads\/2023\/02\/898-140x140.jpg 140w, https:\/\/www.defnehelva.com\/wp-content\/uploads\/2023\/02\/898-500x500.jpg 500w, https:\/\/www.defnehelva.com\/wp-content\/uploads\/2023\/02\/898-350x350.jpg 350w, https:\/\/www.defnehelva.com\/wp-content\/uploads\/2023\/02\/898-600x600.jpg 600w\" sizes=\"auto, (min-width: 1000px) 55vw, 100vw\" height=\"800\" width=\"800\" class=\"skip-lazy nectar-lazy\" alt=\"\" \/> <\/div><\/div><\/div><\/div><div class=\"cascading-image\" data-has-img=\"true\" style=\" padding:0%;\" data-max-width=\"100%\" data-max-width-mobile=\"100%\" data-animation=\"none\" data-shadow=\"x_large_depth\"><div class=\"inner-wrap\"><div class=\"bg-layer\" data-scale=\"1\" style=\"transform: scale(1)\"><div style=\" -webkit-transform:translateX(20%) translateY(25%) ; transform:translateX(20%) translateY(25%) ;\" class=\"img-wrap lazy-enabled\"> <img loading=\"lazy\" decoding=\"async\" src=\"data:image\/svg+xml;charset=utf-8,%3Csvg%20xmlns%3D'http%3A%2F%2Fwww.w3.org%2F2000%2Fsvg'%20viewBox%3D'0%200%20800%20800'%2F%3E\" data-nectar-img-src=\"https:\/\/www.defnehelva.com\/wp-content\/uploads\/2023\/02\/666.jpg\" data-nectar-img-srcset=\"https:\/\/www.defnehelva.com\/wp-content\/uploads\/2023\/02\/666.jpg 800w, https:\/\/www.defnehelva.com\/wp-content\/uploads\/2023\/02\/666-300x300.jpg 300w, https:\/\/www.defnehelva.com\/wp-content\/uploads\/2023\/02\/666-150x150.jpg 150w, https:\/\/www.defnehelva.com\/wp-content\/uploads\/2023\/02\/666-768x768.jpg 768w, https:\/\/www.defnehelva.com\/wp-content\/uploads\/2023\/02\/666-12x12.jpg 12w, https:\/\/www.defnehelva.com\/wp-content\/uploads\/2023\/02\/666-100x100.jpg 100w, https:\/\/www.defnehelva.com\/wp-content\/uploads\/2023\/02\/666-140x140.jpg 140w, https:\/\/www.defnehelva.com\/wp-content\/uploads\/2023\/02\/666-500x500.jpg 500w, https:\/\/www.defnehelva.com\/wp-content\/uploads\/2023\/02\/666-350x350.jpg 350w, https:\/\/www.defnehelva.com\/wp-content\/uploads\/2023\/02\/666-600x600.jpg 600w\" sizes=\"auto, (min-width: 1000px) 55vw, 100vw\" height=\"800\" width=\"800\" class=\"skip-lazy nectar-lazy\" alt=\"\" \/> <\/div><\/div><\/div><\/div><\/div>\n\t\t\t<\/div> \n\t\t<\/div>\n\t<\/div> \n\n\t<div  class=\"vc_col-sm-2 wpb_column column_container vc_column_container col no-extra-padding inherit_tablet inherit_phone\"  data-padding-pos=\"all\" data-has-bg-color=\"false\" data-bg-color=\"\" data-bg-opacity=\"1\" data-animation=\"\" data-delay=\"0\" >\n\t\t<div class=\"vc_column-inner\" >\n\t\t\t<div class=\"wpb_wrapper\">\n\t\t\t\t\n\t\t\t<\/div> \n\t\t<\/div>\n\t<\/div> \n\n\t<div  class=\"vc_col-sm-6 wpb_column column_container vc_column_container col padding-2-percent inherit_tablet inherit_phone\"  data-padding-pos=\"top\" data-has-bg-color=\"false\" data-bg-color=\"\" data-bg-opacity=\"1\" data-animation=\"\" data-delay=\"0\" >\n\t\t<div class=\"vc_column-inner\" >\n\t\t\t<div class=\"wpb_wrapper\">\n\t\t\t\t<div id=\"fws_69fdddb7ce795\" data-midnight=\"\" data-column-margin=\"default\" class=\"wpb_row vc_row-fluid vc_row inner_row vc_row-o-content-middle\"  style=\"\"><div class=\"row-bg-wrap\"> <div class=\"row-bg\" ><\/div> <\/div><div class=\"row_col_wrap_12_inner col span_12  left\">\n\t<div  class=\"vc_col-sm-12 wpb_column column_container vc_column_container col child_column has-animation no-extra-padding inherit_tablet inherit_phone\"   data-padding-pos=\"all\" data-has-bg-color=\"false\" data-bg-color=\"\" data-bg-opacity=\"1\" data-animation=\"fade-in-from-bottom\" data-delay=\"100\" >\n\t\t<div class=\"vc_column-inner\" >\n\t\t<div class=\"wpb_wrapper\">\n\t\t\t\n<div class=\"wpb_text_column wpb_content_element  vc_custom_1676844261283\" style=\" max-width: 550px; display: inline-block;\">\n\t<div class=\"wpb_wrapper\">\n\t\t<h4>What is Tahini Halva and how is it made?<\/h4>\n<p>According to the Turkish Food Codex (Notification No: 2008\/6), sugar, drinking water, citric acid or tartaric acid and when necessaryedible glucose syrup is added and cooked and from what is obtained, turns into waxed soapwort extract (Radix saponariae Albae sive L.) and\/or modified by proteins in accordancewith its technique, by mixing and kneading after being whitened with proteins and adding seasonings when necessary is named Halva, a homogeneous, thin-fibre product.<\/p>\n\t<\/div>\n<\/div>\n\n\n\n\n<div class=\"wpb_text_column wpb_content_element  vc_custom_1676844280041\" style=\" max-width: 550px; display: inline-block;\">\n\t<div class=\"wpb_wrapper\">\n\t\t<h4>How is the hygiene of the places tahini halva regulated?<\/h4>\n<p>First of all, the air in the production area is regularly filtered. It is compulsoryto have the production area and humidity rates at a certain temperature. The place is checked by taking microbiology samples once a week. The general hygiene rules of the workers are followed at the highest level. All employees undergo regular health check-ups. Production facilities are completely covered with antibacterial floor material. Branded and packaged halva manufacturers produce their products under the control of food engineers and microbiology experts, under the control of a full-fledged laboratory. Each raw material is used after the approval of the laboratory and the products are regularly sampled and analyzed every day.<\/p>\n\t<\/div>\n<\/div>\n\n\n\n\n<div class=\"wpb_text_column wpb_content_element  vc_custom_1676844311046\" style=\" max-width: 550px; display: inline-block;\">\n\t<div class=\"wpb_wrapper\">\n\t\t<h4>Is a lard-added emulsifier used in the production of tahini halva?<\/h4>\n<p>Only vegetable oil-based emulsifiers are used in all of the tahini halva products. \nManufacturers of branded packaged tahini halvah are only produced within the framework of the Turkish Food Codex's Halva Communiqu\u00e9, Tahini, Molasses Communique and Turkish Delight Communique. All products comply with these communiqu\u00e9s. Absolutely no lard is used in the products.<\/p>\n\t<\/div>\n<\/div>\n\n\n\n\n\t\t<\/div> \n\t<\/div>\n\t<\/div> \n<\/div><\/div>\n\t\t\t<\/div> \n\t\t<\/div>\n\t<\/div> \n<\/div><\/div>","protected":false},"excerpt":{"rendered":"G\u0131da G\u00fcvenli\u011fi Baz\u0131 tahin helvalar\u0131 daha sert oluyor, neden? E\u011fer tahin helvas\u0131n\u0131n \u00fcretimi s\u0131ras\u0131nda i\u00e7ine konulan susam ya\u011f\u0131 azalt\u0131l\u0131rsa helva sert olur. Helva evlerde nas\u0131l saklanmal\u0131d\u0131r? Markal\u0131 ve ambalajl\u0131 helva...","protected":false},"author":1,"featured_media":0,"parent":0,"menu_order":0,"comment_status":"closed","ping_status":"closed","template":"","meta":{"_joinchat":[],"footnotes":""},"class_list":["post-1702","page","type-page","status-publish"],"_links":{"self":[{"href":"https:\/\/www.defnehelva.com\/en\/wp-json\/wp\/v2\/pages\/1702","targetHints":{"allow":["GET"]}}],"collection":[{"href":"https:\/\/www.defnehelva.com\/en\/wp-json\/wp\/v2\/pages"}],"about":[{"href":"https:\/\/www.defnehelva.com\/en\/wp-json\/wp\/v2\/types\/page"}],"author":[{"embeddable":true,"href":"https:\/\/www.defnehelva.com\/en\/wp-json\/wp\/v2\/users\/1"}],"replies":[{"embeddable":true,"href":"https:\/\/www.defnehelva.com\/en\/wp-json\/wp\/v2\/comments?post=1702"}],"version-history":[{"count":16,"href":"https:\/\/www.defnehelva.com\/en\/wp-json\/wp\/v2\/pages\/1702\/revisions"}],"predecessor-version":[{"id":2009,"href":"https:\/\/www.defnehelva.com\/en\/wp-json\/wp\/v2\/pages\/1702\/revisions\/2009"}],"wp:attachment":[{"href":"https:\/\/www.defnehelva.com\/en\/wp-json\/wp\/v2\/media?parent=1702"}],"curies":[{"name":"wp","href":"https:\/\/api.w.org\/{rel}","templated":true}]}}