{"id":1708,"date":"2023-02-09T13:12:02","date_gmt":"2023-02-09T13:12:02","guid":{"rendered":"https:\/\/www.defnehelva.com\/?page_id=1708"},"modified":"2023-02-25T22:12:00","modified_gmt":"2023-02-25T22:12:00","slug":"iletisim","status":"publish","type":"page","link":"https:\/\/www.defnehelva.com\/en\/iletisim\/","title":{"rendered":"Contact"},"content":{"rendered":"<div id=\"fws_69fdddc885742\"  data-column-margin=\"default\" data-midnight=\"light\"  class=\"wpb_row vc_row-fluid vc_row full-width-content vc_row-o-equal-height vc_row-flex\"  style=\"padding-top: 0px; padding-bottom: 0px; \"><div class=\"row-bg-wrap\" data-bg-animation=\"none\" data-bg-overlay=\"false\"><div class=\"inner-wrap\"><div class=\"row-bg viewport-desktop using-bg-color\"  style=\"background-color: #141414; \"><\/div><\/div><\/div><div class=\"row_col_wrap_12 col span_12 light left\">\n\t<div  class=\"vc_col-sm-6 wpb_column column_container vc_column_container col has-animation no-extra-padding inherit_tablet inherit_phone\"  data-padding-pos=\"all\" data-has-bg-color=\"false\" data-bg-color=\"\" data-bg-opacity=\"1\" data-animation=\"grow-in\" data-delay=\"200\" >\n\t\t<div class=\"vc_column-inner\" >\n\t\t\t<div class=\"wpb_wrapper\">\n\t\t\t\t<div id=\"map_69fdddc885e6c\" style=\"height: 750px;\" class=\"nectar-leaflet-map\" data-infowindow-start-open=\"1\" data-dark-color-scheme=\"\" data-marker-style=\"default\" data-nectar-marker-color=\"accent-color\" data-ultra-flat=\"\" data-greyscale=\"\" data-extra-color=\"\" data-enable-animation=\"false\" data-enable-zoom=\"\" data-zoom-level=\"10\" data-center-lat=\"35.1654270504775\" data-center-lng=\"33.85384369667874\" data-marker-img=\"https:\/\/www.defnehelva.com\/wp-content\/uploads\/2023\/02\/\u2014Pngtree\u2014google-maps-icon_3573680.png\"><\/div><div class=\"map_69fdddc885e6c map-marker-list\"><div class=\"map-marker\" data-marker-image-width=\"100\" data-marker-image-height=\"100\" data-lat=\"35.1654270504775 \" data-lng=\" 33.85384369667874\" data-mapinfo=\"\"><\/div><\/div>\n\t\t\t<\/div> \n\t\t<\/div>\n\t<\/div> \n\n\t<div style=\"\" class=\"vc_col-sm-6 wpb_column column_container vc_column_container col has-animation padding-8-percent inherit_tablet inherit_phone\" data-using-bg=\"true\" data-bg-cover=\"true\" data-padding-pos=\"all\" data-has-bg-color=\"true\" data-bg-color=\"#3452ff\" data-bg-opacity=\"0.9\" data-animation=\"grow-in\" data-delay=\"300\" >\n\t\t<div class=\"vc_column-inner\" ><div class=\"column-image-bg-wrap column-bg-layer viewport-desktop\" data-bg-pos=\"center center\" data-bg-animation=\"none\" data-bg-overlay=\"false\"><div class=\"inner-wrap\"><div class=\"column-image-bg\" style=\"\"><\/div><\/div><\/div><div class=\"column-bg-overlay-wrap column-bg-layer\" data-bg-animation=\"none\"><div class=\"column-bg-overlay\" style=\"opacity: 0.9; background-color: #3452ff;\"><\/div><\/div>\n\t\t\t<div class=\"wpb_wrapper\">\n\t\t\t\t\n<div class=\"wpb_text_column wpb_content_element\" >\n\t<div class=\"wpb_wrapper\">\n\t\t<h2>Contact Information<\/h2>\n<p><strong>Address<br \/>\n<\/strong>28\/A \u0130smet \u0130n\u00f6n\u00fc Bulvar\u0131, Famagusta \/ North Cyprus<\/p>\n<p><strong>Factory<\/strong><br \/>\nG\u00fcvercinlik Sanayi Area, Famagusta \/ North Cyprus<br \/>\n<strong><br \/>\nContact<br \/>\n<\/strong>+90 392 365 1266<br \/>\n+90 392 365 1266<br \/>\ninfo@www.defnehelva.com<\/p>\n<div class=\"vc_col-sm-12 wpb_column column_container vc_column_container col child_column no-extra-padding inherit_tablet inherit_phone\" data-padding-pos=\"all\" data-has-bg-color=\"false\" data-bg-color=\"\" data-bg-opacity=\"1\" data-animation=\"\" data-delay=\"0\">\n<div class=\"vc_column-inner\"><\/div>\n<\/div>\n\t<\/div>\n<\/div>\n\n\n\n\n\t\t\t<\/div> \n\t\t<\/div>\n\t<\/div> \n<\/div><\/div>\n\t\t<div id=\"fws_69fdddc88705b\"  data-column-margin=\"default\" data-midnight=\"dark\"  class=\"wpb_row vc_row-fluid vc_row\"  style=\"padding-top: 0px; padding-bottom: 0px; \"><div class=\"row-bg-wrap\" data-bg-animation=\"none\" data-bg-overlay=\"false\"><div class=\"inner-wrap\"><div class=\"row-bg viewport-desktop\"  style=\"\"><\/div><\/div><\/div><div class=\"row_col_wrap_12 col span_12 dark left\">\n\t<div  class=\"vc_col-sm-12 wpb_column column_container vc_column_container col no-extra-padding inherit_tablet inherit_phone\"  data-padding-pos=\"all\" data-has-bg-color=\"false\" data-bg-color=\"\" data-bg-opacity=\"1\" data-animation=\"\" data-delay=\"0\" >\n\t\t<div class=\"vc_column-inner\" >\n\t\t\t<div class=\"wpb_wrapper\">\n\t\t\t\t<div class=\"divider-wrap\" data-alignment=\"default\"><div style=\"margin-top: 12.5px; height: 1px; margin-bottom: 12.5px;\" data-width=\"100%\" data-animate=\"\" data-animation-delay=\"\" data-color=\"default\" class=\"divider-border\"><\/div><\/div>\n\t\t\t<\/div> \n\t\t<\/div>\n\t<\/div> \n<\/div><\/div>","protected":false},"excerpt":{"rendered":"\u0130leti\u015fim Bilgileri Adres 28\/A \u0130smet \u0130n\u00f6n\u00fc Bulvar\u0131, Gazima\u011fusa \/ Kuzey K\u0131br\u0131s Fabrika G\u00fcvercinlik Sanayi B\u00f6lgesi, Gazima\u011fusa \/ Kuzey K\u0131br\u0131s \u0130leti\u015fim +90 392 365 1266 +90 392 365 1266 info@www.defnehelva.com","protected":false},"author":1,"featured_media":0,"parent":0,"menu_order":0,"comment_status":"closed","ping_status":"closed","template":"","meta":{"_joinchat":[],"footnotes":""},"class_list":["post-1708","page","type-page","status-publish"],"_links":{"self":[{"href":"https:\/\/www.defnehelva.com\/en\/wp-json\/wp\/v2\/pages\/1708","targetHints":{"allow":["GET"]}}],"collection":[{"href":"https:\/\/www.defnehelva.com\/en\/wp-json\/wp\/v2\/pages"}],"about":[{"href":"https:\/\/www.defnehelva.com\/en\/wp-json\/wp\/v2\/types\/page"}],"author":[{"embeddable":true,"href":"https:\/\/www.defnehelva.com\/en\/wp-json\/wp\/v2\/users\/1"}],"replies":[{"embeddable":true,"href":"https:\/\/www.defnehelva.com\/en\/wp-json\/wp\/v2\/comments?post=1708"}],"version-history":[{"count":9,"href":"https:\/\/www.defnehelva.com\/en\/wp-json\/wp\/v2\/pages\/1708\/revisions"}],"predecessor-version":[{"id":2016,"href":"https:\/\/www.defnehelva.com\/en\/wp-json\/wp\/v2\/pages\/1708\/revisions\/2016"}],"wp:attachment":[{"href":"https:\/\/www.defnehelva.com\/en\/wp-json\/wp\/v2\/media?parent=1708"}],"curies":[{"name":"wp","href":"https:\/\/api.w.org\/{rel}","templated":true}]}}