{"id":1688,"date":"2023-02-09T12:54:00","date_gmt":"2023-02-09T12:54:00","guid":{"rendered":"https:\/\/www.defnehelva.com\/?post_type=product&#038;p=1688"},"modified":"2025-12-26T21:38:51","modified_gmt":"2025-12-26T21:38:51","slug":"defne-750-gr-antep-fistikli-helva","status":"publish","type":"product","link":"https:\/\/www.defnehelva.com\/en\/urunlerimiz\/defne-750-gr-antep-fistikli-helva\/","title":{"rendered":"Defne 750 Gr Halva with Pistachio"},"content":{"rendered":"<p><strong>Package Contents:<\/strong> 12 Pcs<\/p>\n<p><strong>Ingredients :\u00a0<\/strong> Sesame paste 49 %,sugar 41,98%,soapworth, vegetable emulsifier: Mono and diglycerides of fatty acide (E471)1%  acidity regulator: citric acid (E 330) 0,01% , pistachio 8 %, vanilla 0,01 %<\/p>","protected":false},"excerpt":{"rendered":"<p>Koli \u0130\u00e7eri\u011fi : 12 Adet \u0130\u00e7indekiler:\u00a0 Tahin 57%, \u015feker , \u00e7\u00f6\u011fen suyu,bitkisel em\u00fclgat\u00f6r (e-471) asitli\u011fi d\u00fczenleyici : sitrik asit (e-330) 0,01% , vanilya 0,001 % , antep f\u0131st\u0131\u011f\u0131 % 8<\/p>","protected":false},"featured_media":2044,"template":"","meta":{"_joinchat":[]},"product_brand":[],"product_cat":[18],"product_tag":[],"class_list":{"0":"post-1688","1":"product","2":"type-product","3":"status-publish","4":"has-post-thumbnail","6":"product_cat-helva","8":"first","9":"instock","10":"shipping-taxable","11":"purchasable","12":"product-type-simple"},"_links":{"self":[{"href":"https:\/\/www.defnehelva.com\/en\/wp-json\/wp\/v2\/product\/1688","targetHints":{"allow":["GET"]}}],"collection":[{"href":"https:\/\/www.defnehelva.com\/en\/wp-json\/wp\/v2\/product"}],"about":[{"href":"https:\/\/www.defnehelva.com\/en\/wp-json\/wp\/v2\/types\/product"}],"wp:featuredmedia":[{"embeddable":true,"href":"https:\/\/www.defnehelva.com\/en\/wp-json\/wp\/v2\/media\/2044"}],"wp:attachment":[{"href":"https:\/\/www.defnehelva.com\/en\/wp-json\/wp\/v2\/media?parent=1688"}],"wp:term":[{"taxonomy":"product_brand","embeddable":true,"href":"https:\/\/www.defnehelva.com\/en\/wp-json\/wp\/v2\/product_brand?post=1688"},{"taxonomy":"product_cat","embeddable":true,"href":"https:\/\/www.defnehelva.com\/en\/wp-json\/wp\/v2\/product_cat?post=1688"},{"taxonomy":"product_tag","embeddable":true,"href":"https:\/\/www.defnehelva.com\/en\/wp-json\/wp\/v2\/product_tag?post=1688"}],"curies":[{"name":"wp","href":"https:\/\/api.w.org\/{rel}","templated":true}]}}