{"id":1690,"date":"2023-02-09T12:55:08","date_gmt":"2023-02-09T12:55:08","guid":{"rendered":"https:\/\/www.defnehelva.com\/?post_type=product&#038;p=1690"},"modified":"2025-12-26T21:38:37","modified_gmt":"2025-12-26T21:38:37","slug":"defne-5-kg-kakolu-blok-helva","status":"publish","type":"product","link":"https:\/\/www.defnehelva.com\/en\/urunlerimiz\/defne-5-kg-kakolu-blok-helva\/","title":{"rendered":"Defne 5 Kg Kakaolu Blok Helva"},"content":{"rendered":"<p><strong>Package Contents:<\/strong> 1 piece<\/p>","protected":false},"excerpt":{"rendered":"<p>Koli \u0130\u00e7eri\u011fi : 1 Adet<\/p>","protected":false},"featured_media":2046,"template":"","meta":{"_joinchat":[]},"product_brand":[],"product_cat":[17,18],"product_tag":[],"class_list":{"0":"post-1690","1":"product","2":"type-product","3":"status-publish","4":"has-post-thumbnail","6":"product_cat-genel","7":"product_cat-helva","9":"first","10":"instock","11":"shipping-taxable","12":"purchasable","13":"product-type-simple"},"_links":{"self":[{"href":"https:\/\/www.defnehelva.com\/en\/wp-json\/wp\/v2\/product\/1690","targetHints":{"allow":["GET"]}}],"collection":[{"href":"https:\/\/www.defnehelva.com\/en\/wp-json\/wp\/v2\/product"}],"about":[{"href":"https:\/\/www.defnehelva.com\/en\/wp-json\/wp\/v2\/types\/product"}],"wp:featuredmedia":[{"embeddable":true,"href":"https:\/\/www.defnehelva.com\/en\/wp-json\/wp\/v2\/media\/2046"}],"wp:attachment":[{"href":"https:\/\/www.defnehelva.com\/en\/wp-json\/wp\/v2\/media?parent=1690"}],"wp:term":[{"taxonomy":"product_brand","embeddable":true,"href":"https:\/\/www.defnehelva.com\/en\/wp-json\/wp\/v2\/product_brand?post=1690"},{"taxonomy":"product_cat","embeddable":true,"href":"https:\/\/www.defnehelva.com\/en\/wp-json\/wp\/v2\/product_cat?post=1690"},{"taxonomy":"product_tag","embeddable":true,"href":"https:\/\/www.defnehelva.com\/en\/wp-json\/wp\/v2\/product_tag?post=1690"}],"curies":[{"name":"wp","href":"https:\/\/api.w.org\/{rel}","templated":true}]}}