{"id":1694,"date":"2023-02-09T13:05:21","date_gmt":"2023-02-09T13:05:21","guid":{"rendered":"https:\/\/www.defnehelva.com\/?post_type=product&#038;p=1694"},"modified":"2025-12-26T21:38:18","modified_gmt":"2025-12-26T21:38:18","slug":"defne-600-gr-tahin","status":"publish","type":"product","link":"https:\/\/www.defnehelva.com\/en\/urunlerimiz\/defne-600-gr-tahin\/","title":{"rendered":"Defne 600 Gr Tahini"},"content":{"rendered":"<p><strong>Package Contents:<\/strong> 12 Pcs<br \/>\n<strong>Ingredients :<\/strong> Sesame seed 100%<\/p>","protected":false},"excerpt":{"rendered":"<p>Koli \u0130\u00e7eri\u011fi : 12 Adet \u0130\u00e7indekiler : Kavrulmu\u015f susam 100 %<\/p>","protected":false},"featured_media":2051,"template":"","meta":{"_joinchat":[]},"product_brand":[],"product_cat":[19],"product_tag":[],"class_list":{"0":"post-1694","1":"product","2":"type-product","3":"status-publish","4":"has-post-thumbnail","6":"product_cat-tahin","8":"first","9":"instock","10":"shipping-taxable","11":"purchasable","12":"product-type-simple"},"_links":{"self":[{"href":"https:\/\/www.defnehelva.com\/en\/wp-json\/wp\/v2\/product\/1694","targetHints":{"allow":["GET"]}}],"collection":[{"href":"https:\/\/www.defnehelva.com\/en\/wp-json\/wp\/v2\/product"}],"about":[{"href":"https:\/\/www.defnehelva.com\/en\/wp-json\/wp\/v2\/types\/product"}],"wp:featuredmedia":[{"embeddable":true,"href":"https:\/\/www.defnehelva.com\/en\/wp-json\/wp\/v2\/media\/2051"}],"wp:attachment":[{"href":"https:\/\/www.defnehelva.com\/en\/wp-json\/wp\/v2\/media?parent=1694"}],"wp:term":[{"taxonomy":"product_brand","embeddable":true,"href":"https:\/\/www.defnehelva.com\/en\/wp-json\/wp\/v2\/product_brand?post=1694"},{"taxonomy":"product_cat","embeddable":true,"href":"https:\/\/www.defnehelva.com\/en\/wp-json\/wp\/v2\/product_cat?post=1694"},{"taxonomy":"product_tag","embeddable":true,"href":"https:\/\/www.defnehelva.com\/en\/wp-json\/wp\/v2\/product_tag?post=1694"}],"curies":[{"name":"wp","href":"https:\/\/api.w.org\/{rel}","templated":true}]}}