{"id":1743,"date":"2023-02-11T19:36:29","date_gmt":"2023-02-11T19:36:29","guid":{"rendered":"https:\/\/www.defnehelva.com\/?post_type=product&#038;p=1743"},"modified":"2025-12-26T21:37:42","modified_gmt":"2025-12-26T21:37:42","slug":"pronuts-fistik-ezmesi-600-gr","status":"publish","type":"product","link":"https:\/\/www.defnehelva.com\/en\/urunlerimiz\/pronuts-fistik-ezmesi-600-gr\/","title":{"rendered":"Pronuts Peanut Butter 600 Gr"},"content":{"rendered":"<p><strong>Package Contents:<\/strong> 12 Pcs<br \/>\n<strong>Ingredients :<\/strong> Peanut 100%<\/p>","protected":false},"excerpt":{"rendered":"<p>Koli \u0130\u00e7eri\u011fi : 12 Adet \u0130\u00e7indekiler : Yer f\u0131st\u0131\u011f\u0131 %100<\/p>","protected":false},"featured_media":2071,"template":"","meta":{"_joinchat":[]},"product_brand":[],"product_cat":[20],"product_tag":[],"class_list":{"0":"post-1743","1":"product","2":"type-product","3":"status-publish","4":"has-post-thumbnail","6":"product_cat-fistik-ezmesi","8":"first","9":"instock","10":"shipping-taxable","11":"purchasable","12":"product-type-simple"},"_links":{"self":[{"href":"https:\/\/www.defnehelva.com\/en\/wp-json\/wp\/v2\/product\/1743","targetHints":{"allow":["GET"]}}],"collection":[{"href":"https:\/\/www.defnehelva.com\/en\/wp-json\/wp\/v2\/product"}],"about":[{"href":"https:\/\/www.defnehelva.com\/en\/wp-json\/wp\/v2\/types\/product"}],"wp:featuredmedia":[{"embeddable":true,"href":"https:\/\/www.defnehelva.com\/en\/wp-json\/wp\/v2\/media\/2071"}],"wp:attachment":[{"href":"https:\/\/www.defnehelva.com\/en\/wp-json\/wp\/v2\/media?parent=1743"}],"wp:term":[{"taxonomy":"product_brand","embeddable":true,"href":"https:\/\/www.defnehelva.com\/en\/wp-json\/wp\/v2\/product_brand?post=1743"},{"taxonomy":"product_cat","embeddable":true,"href":"https:\/\/www.defnehelva.com\/en\/wp-json\/wp\/v2\/product_cat?post=1743"},{"taxonomy":"product_tag","embeddable":true,"href":"https:\/\/www.defnehelva.com\/en\/wp-json\/wp\/v2\/product_tag?post=1743"}],"curies":[{"name":"wp","href":"https:\/\/api.w.org\/{rel}","templated":true}]}}